{"id":30397,"date":"2020-03-31T07:37:10","date_gmt":"2020-03-31T07:37:10","guid":{"rendered":"https:\/\/leladesign.hr\/privacy-policy\/"},"modified":"2024-08-01T18:00:52","modified_gmt":"2024-08-01T18:00:52","slug":"privacy-policy","status":"publish","type":"page","link":"https:\/\/leladesign.hr\/en\/privacy-policy\/","title":{"rendered":"Privacy policy"},"content":{"rendered":"\t\t<div data-elementor-type=\"wp-page\" data-elementor-id=\"30397\" class=\"elementor elementor-30397 elementor-3\" data-elementor-post-type=\"page\">\n\t\t\t\t<div class=\"elementor-element elementor-element-d1dad83 e-flex e-con-boxed e-con e-parent\" data-id=\"d1dad83\" data-element_type=\"container\" data-settings=\"{&quot;background_background&quot;:&quot;slideshow&quot;,&quot;background_slideshow_gallery&quot;:[{&quot;id&quot;:58644,&quot;url&quot;:&quot;https:\\\/\\\/leladesign.hr\\\/wp-content\\\/uploads\\\/2019\\\/11\\\/Dostava-cvijeca-Zagreb-by-Lela-Design-0-1.jpg&quot;}],&quot;background_slideshow_loop&quot;:&quot;yes&quot;,&quot;background_slideshow_slide_duration&quot;:5000,&quot;background_slideshow_slide_transition&quot;:&quot;fade&quot;,&quot;background_slideshow_transition_duration&quot;:500}\">\n\t\t\t\t\t<div class=\"e-con-inner\">\n\t\t\t\t\t<\/div>\n\t\t\t\t<\/div>\n\t\t\t\t<section class=\"elementor-section elementor-top-section elementor-element elementor-element-46aa7ff6 elementor-section-boxed elementor-section-height-default elementor-section-height-default\" data-id=\"46aa7ff6\" data-element_type=\"section\">\n\t\t\t\t\t\t<div class=\"elementor-container elementor-column-gap-default\">\n\t\t\t\t\t<div class=\"elementor-column elementor-col-100 elementor-top-column elementor-element elementor-element-77768767\" data-id=\"77768767\" data-element_type=\"column\">\n\t\t\t<div class=\"elementor-widget-wrap elementor-element-populated\">\n\t\t\t\t\t\t<div class=\"elementor-element elementor-element-c356ea2 elementor-widget elementor-widget-spacer\" data-id=\"c356ea2\" data-element_type=\"widget\" data-widget_type=\"spacer.default\">\n\t\t\t\t<div class=\"elementor-widget-container\">\n\t\t\t\t\t<div class=\"elementor-spacer\">\n\t\t\t<div class=\"elementor-spacer-inner\"><\/div>\n\t\t<\/div>\n\t\t\t\t<\/div>\n\t\t\t\t<\/div>\n\t\t\t\t<div class=\"elementor-element elementor-element-75e6e3d elementor-widget elementor-widget-heading\" data-id=\"75e6e3d\" data-element_type=\"widget\" data-widget_type=\"heading.default\">\n\t\t\t\t<div class=\"elementor-widget-container\">\n\t\t\t<h2 class=\"elementor-heading-title elementor-size-default\">PRIVACY POLICY<\/h2>\t\t<\/div>\n\t\t\t\t<\/div>\n\t\t\t\t<div class=\"elementor-element elementor-element-87db843 elementor-widget elementor-widget-spacer\" data-id=\"87db843\" data-element_type=\"widget\" data-widget_type=\"spacer.default\">\n\t\t\t\t<div class=\"elementor-widget-container\">\n\t\t\t\t\t<div class=\"elementor-spacer\">\n\t\t\t<div class=\"elementor-spacer-inner\"><\/div>\n\t\t<\/div>\n\t\t\t\t<\/div>\n\t\t\t\t<\/div>\n\t\t\t\t<div class=\"elementor-element elementor-element-fe60260 elementor-widget elementor-widget-text-editor\" data-id=\"fe60260\" data-element_type=\"widget\" data-widget_type=\"text-editor.default\">\n\t\t\t\t<div class=\"elementor-widget-container\">\n\t\t\t\t\t\t\t<p>Who is the controller of the personal data collected on this web page?<\/p>\t\t\t\t\t\t<\/div>\n\t\t\t\t<\/div>\n\t\t\t\t<div class=\"elementor-element elementor-element-aa8d301 ltr-spacing-fix elementor-widget elementor-widget-text-editor\" data-id=\"aa8d301\" data-element_type=\"widget\" data-widget_type=\"text-editor.default\">\n\t\t\t\t<div class=\"elementor-widget-container\">\n\t\t\t\t\t\t\t<p>The controller of personal data collected on this web page is LELA DESIGN, OBRT ZA USLUGE I TRGOVINU, owner Mirela Mik\u0161i\u0107, \u010crnomerec 41, 10 000 Zagreb.<\/p>\t\t\t\t\t\t<\/div>\n\t\t\t\t<\/div>\n\t\t\t\t<div class=\"elementor-element elementor-element-c7f8ff6 elementor-widget elementor-widget-spacer\" data-id=\"c7f8ff6\" data-element_type=\"widget\" data-widget_type=\"spacer.default\">\n\t\t\t\t<div class=\"elementor-widget-container\">\n\t\t\t\t\t<div class=\"elementor-spacer\">\n\t\t\t<div class=\"elementor-spacer-inner\"><\/div>\n\t\t<\/div>\n\t\t\t\t<\/div>\n\t\t\t\t<\/div>\n\t\t\t\t<div class=\"elementor-element elementor-element-e5c8a9e elementor-widget elementor-widget-text-editor\" data-id=\"e5c8a9e\" data-element_type=\"widget\" data-widget_type=\"text-editor.default\">\n\t\t\t\t<div class=\"elementor-widget-container\">\n\t\t\t\t\t\t\t<p>In which way the personal data is collected by the controller on this web page?<\/p>\t\t\t\t\t\t<\/div>\n\t\t\t\t<\/div>\n\t\t\t\t<div class=\"elementor-element elementor-element-6be4e4a ltr-spacing-fix elementor-widget elementor-widget-text-editor\" data-id=\"6be4e4a\" data-element_type=\"widget\" data-widget_type=\"text-editor.default\">\n\t\t\t\t<div class=\"elementor-widget-container\">\n\t\t\t\t\t\t\t<p>This web page collects personal data via internet cookies, via contact form and via web shop.<\/p>\t\t\t\t\t\t<\/div>\n\t\t\t\t<\/div>\n\t\t\t\t<div class=\"elementor-element elementor-element-c60d03b elementor-widget elementor-widget-spacer\" data-id=\"c60d03b\" data-element_type=\"widget\" data-widget_type=\"spacer.default\">\n\t\t\t\t<div class=\"elementor-widget-container\">\n\t\t\t\t\t<div class=\"elementor-spacer\">\n\t\t\t<div class=\"elementor-spacer-inner\"><\/div>\n\t\t<\/div>\n\t\t\t\t<\/div>\n\t\t\t\t<\/div>\n\t\t\t\t<div class=\"elementor-element elementor-element-7ae0917 elementor-widget elementor-widget-text-editor\" data-id=\"7ae0917\" data-element_type=\"widget\" data-widget_type=\"text-editor.default\">\n\t\t\t\t<div class=\"elementor-widget-container\">\n\t\t\t\t\t\t\t<p style=\"font-weight: 400;\">What is a cookie?<\/p>\t\t\t\t\t\t<\/div>\n\t\t\t\t<\/div>\n\t\t\t\t<div class=\"elementor-element elementor-element-6767e4d ltr-spacing-fix elementor-widget elementor-widget-text-editor\" data-id=\"6767e4d\" data-element_type=\"widget\" data-widget_type=\"text-editor.default\">\n\t\t\t\t<div class=\"elementor-widget-container\">\n\t\t\t\t\t\t\t<p>A cookie is a text file that a Web that you visit stores on your computer. The cookies are neither directed to spying of you as a user, nor represent a malware code or virus. The cookies are generally not intended for marketing purposes, and on this web page are not intended to be used for marketing purposes at all. Information such as your name and other information enabling your identification will not be stored. Web page cannot have access to your personal information of files in your computer.<\/p>\t\t\t\t\t\t<\/div>\n\t\t\t\t<\/div>\n\t\t\t\t<div class=\"elementor-element elementor-element-7283b99 elementor-widget elementor-widget-spacer\" data-id=\"7283b99\" data-element_type=\"widget\" data-widget_type=\"spacer.default\">\n\t\t\t\t<div class=\"elementor-widget-container\">\n\t\t\t\t\t<div class=\"elementor-spacer\">\n\t\t\t<div class=\"elementor-spacer-inner\"><\/div>\n\t\t<\/div>\n\t\t\t\t<\/div>\n\t\t\t\t<\/div>\n\t\t\t\t<div class=\"elementor-element elementor-element-06d7164 elementor-widget elementor-widget-text-editor\" data-id=\"06d7164\" data-element_type=\"widget\" data-widget_type=\"text-editor.default\">\n\t\t\t\t<div class=\"elementor-widget-container\">\n\t\t\t\t\t\t\t<p>Which cookies are used on this web page?<\/p>\t\t\t\t\t\t<\/div>\n\t\t\t\t<\/div>\n\t\t\t\t<div class=\"elementor-element elementor-element-5004895 ltr-spacing-fix elementor-widget elementor-widget-text-editor\" data-id=\"5004895\" data-element_type=\"widget\" data-widget_type=\"text-editor.default\">\n\t\t\t\t<div class=\"elementor-widget-container\">\n\t\t\t\t\t\t\t<p>Functional cookies \u2013 we use these cookies in order to make this web page functional, i .e. that you can browse it and use all its possibilities normally. For example, these cookies enable the moving on web page or they are necessary to send the inquiry via contact form functionally. Also, these are so-called \u201esession cookies\u201c, meaning that they are placed on your computer only during Your visit to this web page, after which they are deleted.<\/p><p>Analytical cookies \u2013 This web page has Google Analytics tools turned on, using the analytical cookies that collect your IP address, the time of the visit to the web page, as well as the time spent on it, the data about specific content you approached on the web page and the data about the model of the machine from which you approach to the web page. We do not collect your personal data with which we can identify you directly, such as user name, email address etc. Even more, in relation to your personal data collected by these cookies, we use the features such as anonymization of your IP address, the goal of which is to achieve that the possibility of your identification is as difficult as possible. The aim of using the analytical cookies is to, without discovering our identity, establish the statistics of visiting the web page in order to understand which contents you like the most, to develop the web page accordingly and to make it, as much as possible, adapted to your needs. These cookies are stored in your computer 14 months after which they are deleted automatically, unless you delete them by yourself by adapting the properties of your web browser.<\/p>\t\t\t\t\t\t<\/div>\n\t\t\t\t<\/div>\n\t\t\t\t<div class=\"elementor-element elementor-element-4169255 elementor-widget elementor-widget-spacer\" data-id=\"4169255\" data-element_type=\"widget\" data-widget_type=\"spacer.default\">\n\t\t\t\t<div class=\"elementor-widget-container\">\n\t\t\t\t\t<div class=\"elementor-spacer\">\n\t\t\t<div class=\"elementor-spacer-inner\"><\/div>\n\t\t<\/div>\n\t\t\t\t<\/div>\n\t\t\t\t<\/div>\n\t\t\t\t<div class=\"elementor-element elementor-element-f2173ec elementor-widget elementor-widget-text-editor\" data-id=\"f2173ec\" data-element_type=\"widget\" data-widget_type=\"text-editor.default\">\n\t\t\t\t<div class=\"elementor-widget-container\">\n\t\t\t\t\t\t\t<p>How can you manage the cookies?<\/p>\t\t\t\t\t\t<\/div>\n\t\t\t\t<\/div>\n\t\t\t\t<div class=\"elementor-element elementor-element-ede0baf ltr-spacing-fix elementor-widget elementor-widget-text-editor\" data-id=\"ede0baf\" data-element_type=\"widget\" data-widget_type=\"text-editor.default\">\n\t\t\t\t<div class=\"elementor-widget-container\">\n\t\t\t\t\t\t\t<p>You do not have a possibility to manage the functional cookies by adapting the properties of your browser. Using the functional cookies is a necessary prerequisite for visiting our web page and in relation to them the consent is not collected.<\/p><p>With respect to the other types of the cookies, you can accept or refuse some or all of them by adapting the features of your web browser. On further links you can find the directions how to change the cookies features on some of most often used web browsers: Mozilla Firefox,Google Chrome,Microsoft Internet Explorer,Apple Safari.Some of web browsers<\/p><p>enable the surfing in the \u201eanonymous\u201c manner, limiting the amount of the data stored on your computer in which the permanent cookies stored on your computer are automatically deleted after you finish the browsing session. There are many third parties\u2019 applications that you can add to your browser in order to block or manage the cookies. You can also delete the cookies which has priorly been store in your browser by choosing the option for deleting the browsing history where you can turn on the option for deletion of the cookies.<\/p>\t\t\t\t\t\t<\/div>\n\t\t\t\t<\/div>\n\t\t\t\t<div class=\"elementor-element elementor-element-8afebe8 elementor-widget elementor-widget-spacer\" data-id=\"8afebe8\" data-element_type=\"widget\" data-widget_type=\"spacer.default\">\n\t\t\t\t<div class=\"elementor-widget-container\">\n\t\t\t\t\t<div class=\"elementor-spacer\">\n\t\t\t<div class=\"elementor-spacer-inner\"><\/div>\n\t\t<\/div>\n\t\t\t\t<\/div>\n\t\t\t\t<\/div>\n\t\t\t\t<div class=\"elementor-element elementor-element-51de34c elementor-widget elementor-widget-text-editor\" data-id=\"51de34c\" data-element_type=\"widget\" data-widget_type=\"text-editor.default\">\n\t\t\t\t<div class=\"elementor-widget-container\">\n\t\t\t\t\t\t\t<p>Personal data collected via contact form<\/p>\t\t\t\t\t\t<\/div>\n\t\t\t\t<\/div>\n\t\t\t\t<div class=\"elementor-element elementor-element-131b006 ltr-spacing-fix elementor-widget elementor-widget-text-editor\" data-id=\"131b006\" data-element_type=\"widget\" data-widget_type=\"text-editor.default\">\n\t\t\t\t<div class=\"elementor-widget-container\">\n\t\t\t\t\t\t\t<p>Personal data which you send via contact form will be visible and available only to the authorized persons of the controller and controller will process them in the time period and according to the purpose with which the inquiry or message was sent via contact form. Your contact data which you send over the contact form will be processed with the purpose of sending the response to your inquiry.<\/p>\t\t\t\t\t\t<\/div>\n\t\t\t\t<\/div>\n\t\t\t\t<div class=\"elementor-element elementor-element-8896188 elementor-widget elementor-widget-spacer\" data-id=\"8896188\" data-element_type=\"widget\" data-widget_type=\"spacer.default\">\n\t\t\t\t<div class=\"elementor-widget-container\">\n\t\t\t\t\t<div class=\"elementor-spacer\">\n\t\t\t<div class=\"elementor-spacer-inner\"><\/div>\n\t\t<\/div>\n\t\t\t\t<\/div>\n\t\t\t\t<\/div>\n\t\t\t\t<div class=\"elementor-element elementor-element-0834def elementor-widget elementor-widget-text-editor\" data-id=\"0834def\" data-element_type=\"widget\" data-widget_type=\"text-editor.default\">\n\t\t\t\t<div class=\"elementor-widget-container\">\n\t\t\t\t\t\t\t<p>Personal data collected via web shop<\/p>\t\t\t\t\t\t<\/div>\n\t\t\t\t<\/div>\n\t\t\t\t<div class=\"elementor-element elementor-element-0b34897 ltr-spacing-fix elementor-widget elementor-widget-text-editor\" data-id=\"0b34897\" data-element_type=\"widget\" data-widget_type=\"text-editor.default\">\n\t\t\t\t<div class=\"elementor-widget-container\">\n\t\t\t\t\t\t\t<p>Personal data which you send via web shop will be visible and available only to the persons of the controller authorized for processing your order. Your name, surname and contact data will be forwarded to the external delivery service for performance of the delivery.<\/p>\t\t\t\t\t\t<\/div>\n\t\t\t\t<\/div>\n\t\t\t\t<div class=\"elementor-element elementor-element-59efaf6 elementor-widget elementor-widget-spacer\" data-id=\"59efaf6\" data-element_type=\"widget\" data-widget_type=\"spacer.default\">\n\t\t\t\t<div class=\"elementor-widget-container\">\n\t\t\t\t\t<div class=\"elementor-spacer\">\n\t\t\t<div class=\"elementor-spacer-inner\"><\/div>\n\t\t<\/div>\n\t\t\t\t<\/div>\n\t\t\t\t<\/div>\n\t\t\t\t<div class=\"elementor-element elementor-element-7eb88ed elementor-widget elementor-widget-text-editor\" data-id=\"7eb88ed\" data-element_type=\"widget\" data-widget_type=\"text-editor.default\">\n\t\t\t\t<div class=\"elementor-widget-container\">\n\t\t\t\t\t\t\t<p>Realization of the rights<\/p>\t\t\t\t\t\t<\/div>\n\t\t\t\t<\/div>\n\t\t\t\t<div class=\"elementor-element elementor-element-736b95d ltr-spacing-fix elementor-widget elementor-widget-text-editor\" data-id=\"736b95d\" data-element_type=\"widget\" data-widget_type=\"text-editor.default\">\n\t\t\t\t<div class=\"elementor-widget-container\">\n\t\t\t\t\t\t\t<p>Information on collection of your personal data on this web page, as well as requests for the realization of your rights related to data protection you can achieve by sending the inquiry via contact form on this web page or by sending the email on the address lela.miksic@leladesign.hr<\/p>\t\t\t\t\t\t<\/div>\n\t\t\t\t<\/div>\n\t\t\t\t<div class=\"elementor-element elementor-element-1d0a6f5 elementor-widget elementor-widget-spacer\" data-id=\"1d0a6f5\" data-element_type=\"widget\" data-widget_type=\"spacer.default\">\n\t\t\t\t<div class=\"elementor-widget-container\">\n\t\t\t\t\t<div class=\"elementor-spacer\">\n\t\t\t<div class=\"elementor-spacer-inner\"><\/div>\n\t\t<\/div>\n\t\t\t\t<\/div>\n\t\t\t\t<\/div>\n\t\t\t\t\t<\/div>\n\t\t<\/div>\n\t\t\t\t\t<\/div>\n\t\t<\/section>\n\t\t\t\t<\/div>\n\t\t","protected":false},"excerpt":{"rendered":"<p>PRIVACY POLICY Who is the controller of the personal data collected on this web page? The controller of personal data collected on this web page is LELA DESIGN, OBRT ZA USLUGE I TRGOVINU, owner Mirela Mik\u0161i\u0107, \u010crnomerec 41, 10 000 Zagreb. In which way the personal data is collected by the controller on this web [&hellip;]<\/p>\n","protected":false},"author":1,"featured_media":0,"parent":0,"menu_order":0,"comment_status":"closed","ping_status":"closed","template":"elementor_header_footer","meta":{"_acf_changed":false,"footnotes":""},"class_list":["post-30397","page","type-page","status-publish","hentry"],"acf":[],"yoast_head":"<!-- This site is optimized with the Yoast SEO plugin v27.2 - https:\/\/yoast.com\/product\/yoast-seo-wordpress\/ -->\n<title>Customer Data Request - Wedding Organization - Lela Design<\/title>\n<meta name=\"description\" content=\"Your contact information that you submit to the processing manager via the contact form will be processed for the purpose of answering your inquiry.\" \/>\n<meta name=\"robots\" content=\"index, follow, max-snippet:-1, max-image-preview:large, max-video-preview:-1\" \/>\n<link rel=\"canonical\" href=\"https:\/\/leladesign.hr\/pravila-privatnosti\/\" \/>\n<meta property=\"og:locale\" content=\"en_US\" \/>\n<meta property=\"og:type\" content=\"article\" \/>\n<meta property=\"og:title\" content=\"Customer Data Request - Wedding Organization - Lela Design\" \/>\n<meta property=\"og:description\" content=\"Your contact information that you submit to the processing manager via the contact form will be processed for the purpose of answering your inquiry.\" \/>\n<meta property=\"og:url\" content=\"https:\/\/leladesign.hr\/pravila-privatnosti\/\" \/>\n<meta property=\"og:site_name\" content=\"Lela Design\" \/>\n<meta property=\"article:modified_time\" content=\"2024-08-01T18:00:52+00:00\" \/>\n<meta name=\"twitter:card\" content=\"summary_large_image\" \/>\n<meta name=\"twitter:label1\" content=\"Est. reading time\" \/>\n\t<meta name=\"twitter:data1\" content=\"4 minutes\" \/>\n<script type=\"application\/ld+json\" class=\"yoast-schema-graph\">{\"@context\":\"https:\/\/schema.org\",\"@graph\":[{\"@type\":\"WebPage\",\"@id\":\"https:\/\/leladesign.hr\/pravila-privatnosti\/\",\"url\":\"https:\/\/leladesign.hr\/pravila-privatnosti\/\",\"name\":\"Customer Data Request - Wedding Organization - Lela Design\",\"isPartOf\":{\"@id\":\"https:\/\/leladesign.hr\/#website\"},\"datePublished\":\"2020-03-31T07:37:10+00:00\",\"dateModified\":\"2024-08-01T18:00:52+00:00\",\"description\":\"Your contact information that you submit to the processing manager via the contact form will be processed for the purpose of answering your inquiry.\",\"breadcrumb\":{\"@id\":\"https:\/\/leladesign.hr\/pravila-privatnosti\/#breadcrumb\"},\"inLanguage\":\"en-US\",\"potentialAction\":[{\"@type\":\"ReadAction\",\"target\":[\"https:\/\/leladesign.hr\/pravila-privatnosti\/\"]}]},{\"@type\":\"BreadcrumbList\",\"@id\":\"https:\/\/leladesign.hr\/pravila-privatnosti\/#breadcrumb\",\"itemListElement\":[{\"@type\":\"ListItem\",\"position\":1,\"name\":\"Po\u010detna stranica\",\"item\":\"https:\/\/leladesign.hr\/en\/\"},{\"@type\":\"ListItem\",\"position\":2,\"name\":\"Privacy policy\"}]},{\"@type\":\"WebSite\",\"@id\":\"https:\/\/leladesign.hr\/#website\",\"url\":\"https:\/\/leladesign.hr\/\",\"name\":\"Lela Design\",\"description\":\"Vjen\u010danja, eventi, cvije\u0107e, dostava.\",\"publisher\":{\"@id\":\"https:\/\/leladesign.hr\/#organization\"},\"potentialAction\":[{\"@type\":\"SearchAction\",\"target\":{\"@type\":\"EntryPoint\",\"urlTemplate\":\"https:\/\/leladesign.hr\/?s={search_term_string}\"},\"query-input\":{\"@type\":\"PropertyValueSpecification\",\"valueRequired\":true,\"valueName\":\"search_term_string\"}}],\"inLanguage\":\"en-US\"},{\"@type\":\"Organization\",\"@id\":\"https:\/\/leladesign.hr\/#organization\",\"name\":\"Lela Design\",\"url\":\"https:\/\/leladesign.hr\/\",\"logo\":{\"@type\":\"ImageObject\",\"inLanguage\":\"en-US\",\"@id\":\"https:\/\/leladesign.hr\/#\/schema\/logo\/image\/\",\"url\":\"https:\/\/leladesign.hr\/wp-content\/uploads\/2020\/01\/lela-design-logo-main-white.png\",\"contentUrl\":\"https:\/\/leladesign.hr\/wp-content\/uploads\/2020\/01\/lela-design-logo-main-white.png\",\"width\":439,\"height\":232,\"caption\":\"Lela Design\"},\"image\":{\"@id\":\"https:\/\/leladesign.hr\/#\/schema\/logo\/image\/\"}}]}<\/script>\n<!-- \/ Yoast SEO plugin. -->","yoast_head_json":{"title":"Customer Data Request - Wedding Organization - Lela Design","description":"Your contact information that you submit to the processing manager via the contact form will be processed for the purpose of answering your inquiry.","robots":{"index":"index","follow":"follow","max-snippet":"max-snippet:-1","max-image-preview":"max-image-preview:large","max-video-preview":"max-video-preview:-1"},"canonical":"https:\/\/leladesign.hr\/pravila-privatnosti\/","og_locale":"en_US","og_type":"article","og_title":"Customer Data Request - Wedding Organization - Lela Design","og_description":"Your contact information that you submit to the processing manager via the contact form will be processed for the purpose of answering your inquiry.","og_url":"https:\/\/leladesign.hr\/pravila-privatnosti\/","og_site_name":"Lela Design","article_modified_time":"2024-08-01T18:00:52+00:00","twitter_card":"summary_large_image","twitter_misc":{"Est. reading time":"4 minutes"},"schema":{"@context":"https:\/\/schema.org","@graph":[{"@type":"WebPage","@id":"https:\/\/leladesign.hr\/pravila-privatnosti\/","url":"https:\/\/leladesign.hr\/pravila-privatnosti\/","name":"Customer Data Request - Wedding Organization - Lela Design","isPartOf":{"@id":"https:\/\/leladesign.hr\/#website"},"datePublished":"2020-03-31T07:37:10+00:00","dateModified":"2024-08-01T18:00:52+00:00","description":"Your contact information that you submit to the processing manager via the contact form will be processed for the purpose of answering your inquiry.","breadcrumb":{"@id":"https:\/\/leladesign.hr\/pravila-privatnosti\/#breadcrumb"},"inLanguage":"en-US","potentialAction":[{"@type":"ReadAction","target":["https:\/\/leladesign.hr\/pravila-privatnosti\/"]}]},{"@type":"BreadcrumbList","@id":"https:\/\/leladesign.hr\/pravila-privatnosti\/#breadcrumb","itemListElement":[{"@type":"ListItem","position":1,"name":"Po\u010detna stranica","item":"https:\/\/leladesign.hr\/en\/"},{"@type":"ListItem","position":2,"name":"Privacy policy"}]},{"@type":"WebSite","@id":"https:\/\/leladesign.hr\/#website","url":"https:\/\/leladesign.hr\/","name":"Lela Design","description":"Vjen\u010danja, eventi, cvije\u0107e, dostava.","publisher":{"@id":"https:\/\/leladesign.hr\/#organization"},"potentialAction":[{"@type":"SearchAction","target":{"@type":"EntryPoint","urlTemplate":"https:\/\/leladesign.hr\/?s={search_term_string}"},"query-input":{"@type":"PropertyValueSpecification","valueRequired":true,"valueName":"search_term_string"}}],"inLanguage":"en-US"},{"@type":"Organization","@id":"https:\/\/leladesign.hr\/#organization","name":"Lela Design","url":"https:\/\/leladesign.hr\/","logo":{"@type":"ImageObject","inLanguage":"en-US","@id":"https:\/\/leladesign.hr\/#\/schema\/logo\/image\/","url":"https:\/\/leladesign.hr\/wp-content\/uploads\/2020\/01\/lela-design-logo-main-white.png","contentUrl":"https:\/\/leladesign.hr\/wp-content\/uploads\/2020\/01\/lela-design-logo-main-white.png","width":439,"height":232,"caption":"Lela Design"},"image":{"@id":"https:\/\/leladesign.hr\/#\/schema\/logo\/image\/"}}]}},"_links":{"self":[{"href":"https:\/\/leladesign.hr\/en\/wp-json\/wp\/v2\/pages\/30397","targetHints":{"allow":["GET"]}}],"collection":[{"href":"https:\/\/leladesign.hr\/en\/wp-json\/wp\/v2\/pages"}],"about":[{"href":"https:\/\/leladesign.hr\/en\/wp-json\/wp\/v2\/types\/page"}],"author":[{"embeddable":true,"href":"https:\/\/leladesign.hr\/en\/wp-json\/wp\/v2\/users\/1"}],"replies":[{"embeddable":true,"href":"https:\/\/leladesign.hr\/en\/wp-json\/wp\/v2\/comments?post=30397"}],"version-history":[{"count":0,"href":"https:\/\/leladesign.hr\/en\/wp-json\/wp\/v2\/pages\/30397\/revisions"}],"wp:attachment":[{"href":"https:\/\/leladesign.hr\/en\/wp-json\/wp\/v2\/media?parent=30397"}],"curies":[{"name":"wp","href":"https:\/\/api.w.org\/{rel}","templated":true}]}}